{"id":59,"date":"2022-09-20T16:28:52","date_gmt":"2022-09-20T16:28:52","guid":{"rendered":"https:\/\/csopvez.hu\/?page_id=59"},"modified":"2024-10-12T10:19:35","modified_gmt":"2024-10-12T10:19:35","slug":"hazirend","status":"publish","type":"page","link":"https:\/\/merfoldlepo.hu\/?page_id=59","title":{"rendered":"H\u00e1zirend"},"content":{"rendered":"\t\t<div data-elementor-type=\"wp-page\" data-elementor-id=\"59\" class=\"elementor elementor-59\" data-elementor-post-type=\"page\">\n\t\t\t\t\t\t<section class=\"elementor-section elementor-top-section elementor-element elementor-element-2c9d3182 elementor-section-full_width elementor-hidden-desktop elementor-section-height-default elementor-section-height-default\" data-id=\"2c9d3182\" data-element_type=\"section\" data-settings=\"{&quot;background_background&quot;:&quot;classic&quot;}\">\n\t\t\t\t\t\t\t<div class=\"elementor-background-overlay\"><\/div>\n\t\t\t\t\t\t\t<div class=\"elementor-container elementor-column-gap-default\">\n\t\t\t\t\t<div class=\"elementor-column elementor-col-100 elementor-top-column elementor-element elementor-element-2fa47e8d\" data-id=\"2fa47e8d\" data-element_type=\"column\">\n\t\t\t<div class=\"elementor-widget-wrap elementor-element-populated\">\n\t\t\t\t\t\t<div class=\"elementor-element elementor-element-0fd6b6a elementor-widget elementor-widget-heading\" data-id=\"0fd6b6a\" data-element_type=\"widget\" data-widget_type=\"heading.default\">\n\t\t\t\t<div class=\"elementor-widget-container\">\n\t\t\t\t\t<h2 class=\"elementor-heading-title elementor-size-default\">H\u00e1zirend<\/h2>\t\t\t\t<\/div>\n\t\t\t\t<\/div>\n\t\t\t\t\t<\/div>\n\t\t<\/div>\n\t\t\t\t\t<\/div>\n\t\t<\/section>\n\t\t\t\t<section class=\"elementor-section elementor-top-section elementor-element elementor-element-9d6761f elementor-section-full_width elementor-hidden-tablet elementor-hidden-mobile elementor-section-height-default elementor-section-height-default\" data-id=\"9d6761f\" data-element_type=\"section\" data-settings=\"{&quot;background_background&quot;:&quot;classic&quot;}\">\n\t\t\t\t\t\t\t<div class=\"elementor-background-overlay\"><\/div>\n\t\t\t\t\t\t\t<div class=\"elementor-container elementor-column-gap-default\">\n\t\t\t\t\t<div class=\"elementor-column elementor-col-100 elementor-top-column elementor-element elementor-element-2119a35\" data-id=\"2119a35\" data-element_type=\"column\">\n\t\t\t<div class=\"elementor-widget-wrap elementor-element-populated\">\n\t\t\t\t\t\t<div class=\"elementor-element elementor-element-a3855a3 elementor-widget elementor-widget-heading\" data-id=\"a3855a3\" data-element_type=\"widget\" data-widget_type=\"heading.default\">\n\t\t\t\t<div class=\"elementor-widget-container\">\n\t\t\t\t\t<h2 class=\"elementor-heading-title elementor-size-default\">H\u00e1zirend<\/h2>\t\t\t\t<\/div>\n\t\t\t\t<\/div>\n\t\t\t\t\t<\/div>\n\t\t<\/div>\n\t\t\t\t\t<\/div>\n\t\t<\/section>\n\t\t\t\t<section class=\"elementor-section elementor-top-section elementor-element elementor-element-3caf9b09 elementor-section-full_width elementor-section-content-middle elementor-section-height-default elementor-section-height-default\" data-id=\"3caf9b09\" data-element_type=\"section\">\n\t\t\t\t\t\t<div class=\"elementor-container elementor-column-gap-default\">\n\t\t\t\t\t<div class=\"elementor-column elementor-col-100 elementor-top-column elementor-element elementor-element-6714d791\" data-id=\"6714d791\" data-element_type=\"column\">\n\t\t\t<div class=\"elementor-widget-wrap elementor-element-populated\">\n\t\t\t\t\t\t<div class=\"elementor-element elementor-element-06f8587 elementor-widget elementor-widget-text-editor\" data-id=\"06f8587\" data-element_type=\"widget\" data-widget_type=\"text-editor.default\">\n\t\t\t\t<div class=\"elementor-widget-container\">\n\t\t\t\t\t\t\t\t\t<p>Kedves Sz\u00fcl\u0151k!<\/p><p>Gyermeketek, a M\u00e9rf\u00f6ldl\u00e9p\u0151 Fejleszt\u0151h\u00e1z egy\u00e9ni vagy csoportos ter\u00e1pi\u00e1s, fejleszt\u0151 foglalkoz\u00e1sain vesz r\u00e9szt. A v\u00e1lasztott foglalkoz\u00e1s id\u0151pontj\u00e1r\u00f3l \u00e9s id\u0151tartam\u00e1r\u00f3l szem\u00e9lyesen t\u00e1j\u00e9koztattunk Benneteket. A gyermeketek fejl\u0151d\u00e9se \u00e9rdek\u00e9ben egy\u00fcttm\u0171k\u00f6d\u00e9s\u00fcnk rendk\u00edv\u00fcl fontos sz\u00e1munkra.<\/p><p><u>K\u00e9r\u00fcnk Benneteket, hogy<\/u><\/p><ul><li>a foglalkoz\u00e1sra pontosan \u00e9rkezzetek, amelyek a megadott id\u0151pontban elkezd\u0151dnek.<\/li><li>A gyerekek a foglalkoz\u00e1s el\u0151tt k\u00f6zvetlen\u00fcl ne egyenek, igyanak t\u00fal sokat. Lehet hozni valamilyen innival\u00f3t, amit az \u00f3r\u00e1k sz\u00fcnet\u00e9ben elfogyaszthat. Ez lehet\u0151leg ne t\u00falcukrozott \u00fcd\u00edt\u0151ital legyen.<\/li><li>A gyermekek \u00f6lt\u00f6z\u00e9ke k\u00e9nyelmes ruha legyen, mely mozg\u00e1sukban nem akad\u00e1lyozza \u0151ket. (v\u00e9kony hossz\u00fa nadr\u00e1g, r\u00f6vid ujj\u00fa p\u00f3l\u00f3, feh\u00e9r talp\u00fa tornacip\u0151) A v\u00e1lt\u00f3ruha \u00e9s cip\u0151 t\u00e1rol\u00e1s\u00e1ra van lehet\u0151s\u00e9g)<\/li><li>A v\u00e1lt\u00f3cip\u0151 k\u00f6telez\u0151!<\/li><li>A csoportos foglalkoz\u00e1s megtekint\u00e9s\u00e9re van lehet\u0151s\u00e9getek, ezt azonban minden esetben egyeztetnetek kell a terapeut\u00e1val.<\/li><li>A foglalkoz\u00e1s d\u00edj\u00e1r\u00f3l \u00e9s a szolg\u00e1ltat\u00e1s ig\u00e9nybev\u00e9teli felt\u00e9teleir\u0151l a M\u00e9rf\u00f6ldl\u00e9p\u0151 weboldal\u00e1n t\u00e1j\u00e9koz\u00f3dhattok.<\/li><li>A lemond\u00e1s m\u00f3dj\u00e1r\u00f3l \u00e9rdekl\u0151djetek gyermeketek terapeut\u00e1j\u00e1n\u00e1l.<\/li><\/ul><p><u>Foglalkoz\u00e1sok menete<\/u><\/p><p>Az egyes foglalkoz\u00e1sok tematik\u00e1ja egym\u00e1sra \u00e9p\u00fcl.<\/p><p>Gyermeketek folyamatos fejl\u0151d\u00e9se \u00e9rdek\u00e9ben, k\u00e9rj\u00fck, t\u00f6rekedjetek a foglalkoz\u00e1sokon val\u00f3 rendszeres r\u00e9szv\u00e9telre. Mi csak akkor tudunk a munk\u00e1nk hat\u00e9konys\u00e1g\u00e1\u00e9rt felel\u0151ss\u00e9get v\u00e1llalni, ha a gyermek ott van az \u00f3r\u00e1kon, \u00e9s a terapeuta \u00e1ltal esetlegesen adott feladatokat otthon rendszeresen gyakorolj\u00e1k!<\/p><p>Az egy\u00e9ni TSMT-re j\u00e1r\u00f3k eset\u00e9ben elengedhetetlen az otthoni torna min\u00e9l t\u00f6bbsz\u00f6ri, el\u0151\u00edr\u00e1sszer\u0171 gyakorl\u00e1sa. Ha ezzel kapcsolatban probl\u00e9m\u00e1tok ad\u00f3dik, mindenk\u00e9pp jelezz\u00e9tek a terapeut\u00e1toknak. A fejleszt\u0151h\u00e1zban lehet\u0151s\u00e9getek van egy\u00e9ni torn\u00e1ztat\u00e1st k\u00e9rni, \u00e9rdekl\u0151djetek a honlapr\u00f3l vagy a fejleszt\u0151h\u00e1z vezet\u0151j\u00e9n\u00e9l.<\/p><p><u>Online foglalkoz\u00e1sok<\/u><\/p><p>A foglalkoz\u00e1s ig\u00e9nybev\u00e9tele t\u00f6rt\u00e9nhet szem\u00e9lyes foglalkoz\u00e1s keret\u00e9ben a Fejleszt\u0151h\u00e1zban, vagy online platformon kereszt\u00fcl. Az online \u00e9s a szem\u00e9lyes \u00f3r\u00e1k d\u00edjszab\u00e1sa megegyezik.<\/p><p><u>Kapcsolat<\/u><\/p><p>A M\u00e9rf\u00f6ldl\u00e9p\u0151ben t\u00f6rt\u00e9n\u0151 v\u00e1ltoz\u00e1sokr\u00f3l, esem\u00e9nyekr\u0151l, sz\u00fcnetekr\u0151l, gyermeketekkel kapcsolatos inform\u00e1ci\u00f3kr\u00f3l szem\u00e9lyesen &#8211; egyeztetett id\u0151pontban- emailben, telefonon vagy a Fejleszt\u0151h\u00e1zban a fali\u00fajs\u00e1gon kereszt\u00fcl t\u00e1j\u00e9koztatunk Titeket. K\u00e9rj\u00fck, hogy k\u00f6vess\u00e9tek ezeket a f\u00f3rumokat, ahol naprak\u00e9sz inform\u00e1ci\u00f3khoz juthattok.<\/p><p>K\u00e9rj\u00fck, hogy vigy\u00e1zzatok a M\u00e9rf\u00f6ldl\u00e9p\u0151 Fejleszt\u0151h\u00e1z tisztas\u00e1g\u00e1ra, ahogy bent, \u00fagy az udvaron is. A kertben gyermek sz\u00fcl\u0151i fel\u00fcgyelet n\u00e9lk\u00fcl nem tart\u00f3zkodhat. Az udvaron \u00e9rt esetleges balesetek\u00e9rt nem v\u00e1llalunk felel\u0151ss\u00e9get, ahogy \u00e9rt\u00e9kt\u00e1rgyaitok\u00e9rt sem.<\/p><p>A foglalkoz\u00e1son val\u00f3 r\u00e9szv\u00e9tellel a sz\u00fcl\u0151 a fent le\u00edrtakat elfogadja, valamint hozz\u00e1j\u00e1rul, hogy adott esetben gyermek\u00e9r\u0151l fot\u00f3 vagy vide\u00f3 k\u00e9sz\u00fclj\u00f6n, ami a M\u00e9rf\u00f6ldl\u00e9p\u0151 Fejleszt\u0151h\u00e1z saj\u00e1t webes fel\u00fcletein megjelenhet, valamint oktat\u00e1s c\u00e9lj\u00e1ra felhaszn\u00e1lhat.<\/p><p><u>Parkol\u00e1s<\/u><\/p><p>A kaput hagyj\u00e1tok szabadon a ki-be j\u00e1r\u00e1s lehet\u0151s\u00e9ge \u00e9rdek\u00e9ben. A Fejleszt\u0151h\u00e1z el\u0151tt van parkol\u00e1si lehet\u0151s\u00e9g, a szomsz\u00e9dok el\u00e9, k\u00e9rlek ne \u00e1lljatok.<\/p><p>K\u00e9rd\u00e9seitekkel k\u00e9rj\u00fck, forduljatok a foglalkoz\u00e1st vezet\u0151 terapeut\u00e1hoz, vagy a M\u00e9rf\u00f6ldl\u00e9p\u0151 Fejleszt\u0151h\u00e1z vezet\u0151j\u00e9hez, Moln\u00e1r Adriennhez.<\/p><p>Egy\u00fcttm\u0171k\u00f6d\u00e9seteket nagyon k\u00f6sz\u00f6nj\u00fck!<\/p><p>Moln\u00e1r Adrienn<\/p><p>Kerepes, 2022. augusztus 30.<\/p>\t\t\t\t\t\t\t\t<\/div>\n\t\t\t\t<\/div>\n\t\t\t\t\t<\/div>\n\t\t<\/div>\n\t\t\t\t\t<\/div>\n\t\t<\/section>\n\t\t\t\t<section class=\"elementor-section elementor-top-section elementor-element elementor-element-6f7686d4 elementor-section-full_width elementor-section-height-default elementor-section-height-default\" data-id=\"6f7686d4\" data-element_type=\"section\" data-settings=\"{&quot;background_background&quot;:&quot;classic&quot;}\">\n\t\t\t\t\t\t<div class=\"elementor-container elementor-column-gap-default\">\n\t\t\t\t\t<div class=\"elementor-column elementor-col-100 elementor-top-column elementor-element elementor-element-33cd5148\" data-id=\"33cd5148\" data-element_type=\"column\">\n\t\t\t<div class=\"elementor-widget-wrap\">\n\t\t\t\t\t\t\t<\/div>\n\t\t<\/div>\n\t\t\t\t\t<\/div>\n\t\t<\/section>\n\t\t\t\t<\/div>\n\t\t","protected":false},"excerpt":{"rendered":"<p>H\u00e1zirend H\u00e1zirend Kedves Sz\u00fcl\u0151k! Gyermeketek, a M\u00e9rf\u00f6ldl\u00e9p\u0151 Fejleszt\u0151h\u00e1z egy\u00e9ni vagy csoportos ter\u00e1pi\u00e1s, fejleszt\u0151 foglalkoz\u00e1sain vesz r\u00e9szt. A v\u00e1lasztott foglalkoz\u00e1s id\u0151pontj\u00e1r\u00f3l \u00e9s id\u0151tartam\u00e1r\u00f3l szem\u00e9lyesen t\u00e1j\u00e9koztattunk Benneteket. A gyermeketek fejl\u0151d\u00e9se \u00e9rdek\u00e9ben egy\u00fcttm\u0171k\u00f6d\u00e9s\u00fcnk rendk\u00edv\u00fcl fontos sz\u00e1munkra. K\u00e9r\u00fcnk Benneteket, hogy a foglalkoz\u00e1sra pontosan \u00e9rkezzetek, amelyek a megadott id\u0151pontban elkezd\u0151dnek. A gyerekek a foglalkoz\u00e1s el\u0151tt k\u00f6zvetlen\u00fcl ne egyenek, igyanak t\u00fal [&hellip;]<\/p>\n","protected":false},"author":1,"featured_media":0,"parent":0,"menu_order":0,"comment_status":"closed","ping_status":"closed","template":"elementor_header_footer","meta":{"footnotes":""},"class_list":["post-59","page","type-page","status-publish","hentry","entry"],"_links":{"self":[{"href":"https:\/\/merfoldlepo.hu\/index.php?rest_route=\/wp\/v2\/pages\/59","targetHints":{"allow":["GET"]}}],"collection":[{"href":"https:\/\/merfoldlepo.hu\/index.php?rest_route=\/wp\/v2\/pages"}],"about":[{"href":"https:\/\/merfoldlepo.hu\/index.php?rest_route=\/wp\/v2\/types\/page"}],"author":[{"embeddable":true,"href":"https:\/\/merfoldlepo.hu\/index.php?rest_route=\/wp\/v2\/users\/1"}],"replies":[{"embeddable":true,"href":"https:\/\/merfoldlepo.hu\/index.php?rest_route=%2Fwp%2Fv2%2Fcomments&post=59"}],"version-history":[{"count":34,"href":"https:\/\/merfoldlepo.hu\/index.php?rest_route=\/wp\/v2\/pages\/59\/revisions"}],"predecessor-version":[{"id":1978,"href":"https:\/\/merfoldlepo.hu\/index.php?rest_route=\/wp\/v2\/pages\/59\/revisions\/1978"}],"wp:attachment":[{"href":"https:\/\/merfoldlepo.hu\/index.php?rest_route=%2Fwp%2Fv2%2Fmedia&parent=59"}],"curies":[{"name":"wp","href":"https:\/\/api.w.org\/{rel}","templated":true}]}}